{"id":1175,"date":"2021-10-26T21:01:59","date_gmt":"2021-10-26T21:01:59","guid":{"rendered":"https:\/\/escobarabogados.com.ar\/?page_id=1175"},"modified":"2021-10-26T21:34:57","modified_gmt":"2021-10-26T21:34:57","slug":"dr-alberto-nestor-cafetzoglus","status":"publish","type":"page","link":"https:\/\/escobarabogados.com.ar\/en\/dr-alberto-nestor-cafetzoglus\/","title":{"rendered":"DR. ALBERTO N\u00c9STOR CAFETZOGLUS"},"content":{"rendered":"<div data-elementor-type=\"wp-page\" data-elementor-id=\"1175\" class=\"elementor elementor-1175\">\n\t\t\t\t\t\t<section class=\"elementor-section elementor-top-section elementor-element elementor-element-2362cf81 elementor-section-full_width elementor-section-height-min-height elementor-section-height-default elementor-section-items-middle\" data-id=\"2362cf81\" data-element_type=\"section\" data-settings=\"{&quot;background_background&quot;:&quot;classic&quot;}\">\n\t\t\t\t\t\t\t<div class=\"elementor-background-overlay\"><\/div>\n\t\t\t\t\t\t\t<div class=\"elementor-container elementor-column-gap-default\">\n\t\t\t\t\t<div class=\"elementor-column elementor-col-100 elementor-top-column elementor-element elementor-element-377987d\" data-id=\"377987d\" data-element_type=\"column\">\n\t\t\t<div class=\"elementor-widget-wrap elementor-element-populated\">\n\t\t\t\t\t\t<div class=\"elementor-element elementor-element-32cf00aa elementor-widget elementor-widget-heading\" data-id=\"32cf00aa\" data-element_type=\"widget\" data-widget_type=\"heading.default\">\n\t\t\t\t<div class=\"elementor-widget-container\">\n\t\t\t<style>\/*! elementor - v3.22.0 - 26-06-2024 *\/\n.elementor-heading-title{padding:0;margin:0;line-height:1}.elementor-widget-heading .elementor-heading-title[class*=elementor-size-]>a{color:inherit;font-size:inherit;line-height:inherit}.elementor-widget-heading .elementor-heading-title.elementor-size-small{font-size:15px}.elementor-widget-heading .elementor-heading-title.elementor-size-medium{font-size:19px}.elementor-widget-heading .elementor-heading-title.elementor-size-large{font-size:29px}.elementor-widget-heading .elementor-heading-title.elementor-size-xl{font-size:39px}.elementor-widget-heading .elementor-heading-title.elementor-size-xxl{font-size:59px}<\/style><h1 class=\"elementor-heading-title elementor-size-default\">DR. ALBERTO N\u00c9STOR CAFETZOGLUS<\/h1>\t\t<\/div>\n\t\t\t\t<\/div>\n\t\t\t\t\t<\/div>\n\t\t<\/div>\n\t\t\t\t\t<\/div>\n\t\t<\/section>\n\t\t\t\t<section class=\"elementor-section elementor-top-section elementor-element elementor-element-393355c2 elementor-section-boxed elementor-section-height-default elementor-section-height-default\" data-id=\"393355c2\" data-element_type=\"section\" data-settings=\"{&quot;background_background&quot;:&quot;classic&quot;}\">\n\t\t\t\t\t\t<div class=\"elementor-container elementor-column-gap-default\">\n\t\t\t\t\t<div class=\"elementor-column elementor-col-50 elementor-top-column elementor-element elementor-element-5d09d90c\" data-id=\"5d09d90c\" data-element_type=\"column\">\n\t\t\t<div class=\"elementor-widget-wrap elementor-element-populated\">\n\t\t\t\t\t\t<div class=\"elementor-element elementor-element-62ec1ee3 elementor-widget elementor-widget-image\" data-id=\"62ec1ee3\" data-element_type=\"widget\" data-widget_type=\"image.default\">\n\t\t\t\t<div class=\"elementor-widget-container\">\n\t\t\t<style>\/*! elementor - v3.22.0 - 26-06-2024 *\/\n.elementor-widget-image{text-align:center}.elementor-widget-image a{display:inline-block}.elementor-widget-image a img[src$=\".svg\"]{width:48px}.elementor-widget-image img{vertical-align:middle;display:inline-block}<\/style>\t\t\t\t\t\t\t\t\t\t<img width=\"150\" height=\"150\" src=\"https:\/\/escobarabogados.com.ar\/wp-content\/uploads\/2021\/10\/DR-ALBERTO-NESTOR-CAFETZOGLUS-150x150.png\" class=\"attachment-thumbnail size-thumbnail wp-image-1050\" alt=\"\" srcset=\"https:\/\/escobarabogados.com.ar\/wp-content\/uploads\/2021\/10\/DR-ALBERTO-NESTOR-CAFETZOGLUS-150x150.png 150w, https:\/\/escobarabogados.com.ar\/wp-content\/uploads\/2021\/10\/DR-ALBERTO-NESTOR-CAFETZOGLUS.png 300w\" sizes=\"(max-width: 150px) 100vw, 150px\" \/>\t\t\t\t\t\t\t\t\t\t\t\t\t<\/div>\n\t\t\t\t<\/div>\n\t\t\t\t<div class=\"elementor-element elementor-element-6dc2e731 elementor-widget elementor-widget-heading\" data-id=\"6dc2e731\" data-element_type=\"widget\" data-widget_type=\"heading.default\">\n\t\t\t\t<div class=\"elementor-widget-container\">\n\t\t\t<h5 class=\"elementor-heading-title elementor-size-default\">DR. ALBERTO N\u00c9STOR CAFETZOGLUS<\/h5>\t\t<\/div>\n\t\t\t\t<\/div>\n\t\t\t\t<div class=\"elementor-element elementor-element-7bc3f592 elementor-widget elementor-widget-text-editor\" data-id=\"7bc3f592\" data-element_type=\"widget\" data-widget_type=\"text-editor.default\">\n\t\t\t\t<div class=\"elementor-widget-container\">\n\t\t\t<style>\/*! elementor - v3.22.0 - 26-06-2024 *\/\n.elementor-widget-text-editor.elementor-drop-cap-view-stacked .elementor-drop-cap{background-color:#69727d;color:#fff}.elementor-widget-text-editor.elementor-drop-cap-view-framed .elementor-drop-cap{color:#69727d;border:3px solid;background-color:transparent}.elementor-widget-text-editor:not(.elementor-drop-cap-view-default) .elementor-drop-cap{margin-top:8px}.elementor-widget-text-editor:not(.elementor-drop-cap-view-default) .elementor-drop-cap-letter{width:1em;height:1em}.elementor-widget-text-editor .elementor-drop-cap{float:left;text-align:center;line-height:1;font-size:50px}.elementor-widget-text-editor .elementor-drop-cap-letter{display:inline-block}<\/style>\t\t\t\t<p><a href=\"https:\/\/cafetzoglus.blogspot.com\/\" target=\"_blank\" rel=\"noopener\">Blog Personal<\/a><\/p>\t\t\t\t\t\t<\/div>\n\t\t\t\t<\/div>\n\t\t\t\t\t<\/div>\n\t\t<\/div>\n\t\t\t\t<div class=\"elementor-column elementor-col-50 elementor-top-column elementor-element elementor-element-1bbbc851\" data-id=\"1bbbc851\" data-element_type=\"column\">\n\t\t\t<div class=\"elementor-widget-wrap elementor-element-populated\">\n\t\t\t\t\t\t<div class=\"elementor-element elementor-element-66b6ec2 elementor-widget elementor-widget-text-editor\" data-id=\"66b6ec2\" data-element_type=\"widget\" data-widget_type=\"text-editor.default\">\n\t\t\t\t<div class=\"elementor-widget-container\">\n\t\t\t\t\t\t\t<p>Abogado egresado de la Facultad de Derecho de la UBA en 1961<\/p><p>Abogado Especializado en Derecho Penal y Ciencias Penales, Universidad del Salvador, 1968;<\/p><p>Doctor en Derecho Penal y Ciencias Penales, Universidad del Salvador 1983;<\/p><p>Consejero del Colegio de Abogados de San Isidro, a\u00f1os 1972-1974;<\/p><p>Miembro del Tribunal de Disciplina del Colegio de Abogados de San Isidro a\u00f1os 1974-1978;<\/p><p>Director del Instituto de Derecho Penal y Ciencias penales del Colegio de Abogados de San Isidro de 1976 en adelante;<\/p><p>Luego de haberse desempe\u00f1ado en el cargo por varios a\u00f1os, a su renuncia, designado miembro honorario de dicho Instituto, a\u00f1o 1983;<\/p><p>Con posterioridad nuevamente Director de Dicho Instituto por algunos a\u00f1os; Profesor de Derecho Procesal Penal, Facultad de Derecho de la Universidad Catolica de La Plata, desde 1980 hasta 2007, primero adjunto, luego asociado y finalmente titular;<\/p><p>Ha integrado en algunas oportunidades Tribunales de Tesis para examinar doctorados en la Facultad de Derecho de la Universidad del Salvador; Conjuez para el Departamento Judicial de San Isidro desde 1974 hasta 1983;<\/p><p>Conjuez de la Suprema Corte de Justicia de la Provincia de Bs.As. a\u00f1os 2000 a 2005; Conjuez durante varios a\u00f1os en la justicia federal oral departamental;<\/p><p>Profesor en el Curso de Capacitacion para el juicio oral organizado por la Corte Suprema de Justicia de la Nacion y la Universidad de Buenos Aires, 1992;<\/p><p>jurado para la designaci\u00f2n de varios jueces federales en algunos concursos;<\/p><p>jurado academico para la designaci\u00f2n de fiscales y jueces en el Consejo de la Magistratura de la Provincia de Buenos Aires en varios concursos;<\/p><p>Ha publicado entre otros, los siguientes libros: La Sociedad Criminogena; Manual de Derecho Procesal Penal; Derecho Procesal Penal; Delitos con Drogas; y plurales articulos juridicos en revistas especializadas del Derecho; ha dictado plurales charlas y conferencias sobre su especialidad en distintos organismos privados y estatales, Facultades, etc.; Asesor del Intendente de San Isidro desde 1993 a la fecha, Ha ejercido ininterrumpidamente la profesi\u00f2n de abogado, principalmente en su especialidad desde su egreso a la fecha; Presidente Del Instituto Para la Observaci\u00f3n y Prevenci\u00f3n de la Inseguridad de San Isidro,desde su creaci\u00f2n hasta la fecha.-<\/p>\t\t\t\t\t\t<\/div>\n\t\t\t\t<\/div>\n\t\t\t\t<div class=\"elementor-element elementor-element-131c2ced elementor-align-right elementor-widget elementor-widget-button\" data-id=\"131c2ced\" data-element_type=\"widget\" data-widget_type=\"button.default\">\n\t\t\t\t<div class=\"elementor-widget-container\">\n\t\t\t\t\t<div class=\"elementor-button-wrapper\">\n\t\t\t<a class=\"elementor-button elementor-button-link elementor-size-sm\" href=\"https:\/\/escobarabogados.com.ar\/en\/nosotros\/\">\n\t\t\t\t\t\t<span class=\"elementor-button-content-wrapper\">\n\t\t\t\t\t\t\t\t\t<span class=\"elementor-button-text\">ver mas<\/span>\n\t\t\t\t\t<\/span>\n\t\t\t\t\t<\/a>\n\t\t<\/div>\n\t\t\t\t<\/div>\n\t\t\t\t<\/div>\n\t\t\t\t\t<\/div>\n\t\t<\/div>\n\t\t\t\t\t<\/div>\n\t\t<\/section>\n\t\t\t\t<\/div>","protected":false},"excerpt":{"rendered":"<p>DR. ALBERTO N\u00c9STOR CAFETZOGLUS DR. ALBERTO N\u00c9STOR CAFETZOGLUS Blog Personal Abogado egresado de la Facultad de Derecho de la UBA en 1961 Abogado Especializado en Derecho Penal y Ciencias Penales, Universidad del Salvador, 1968; Doctor en Derecho Penal y Ciencias Penales, Universidad del Salvador 1983; Consejero del Colegio de Abogados de San Isidro, a\u00f1os 1972-1974; [&hellip;]<\/p>","protected":false},"author":1,"featured_media":0,"parent":0,"menu_order":0,"comment_status":"closed","ping_status":"closed","template":"","meta":{"site-sidebar-layout":"no-sidebar","site-content-layout":"page-builder","ast-site-content-layout":"default","site-content-style":"default","site-sidebar-style":"default","ast-global-header-display":"","ast-banner-title-visibility":"","ast-main-header-display":"","ast-hfb-above-header-display":"","ast-hfb-below-header-display":"","ast-hfb-mobile-header-display":"","site-post-title":"disabled","ast-breadcrumbs-content":"","ast-featured-img":"disabled","footer-sml-layout":"","theme-transparent-header-meta":"default","adv-header-id-meta":"","stick-header-meta":"","header-above-stick-meta":"","header-main-stick-meta":"","header-below-stick-meta":"","astra-migrate-meta-layouts":"default","ast-page-background-enabled":"default","ast-page-background-meta":{"desktop":{"background-color":"","background-image":"","background-repeat":"repeat","background-position":"center center","background-size":"auto","background-attachment":"scroll","background-type":"","background-media":"","overlay-type":"","overlay-color":"","overlay-opacity":"","overlay-gradient":""},"tablet":{"background-color":"","background-image":"","background-repeat":"repeat","background-position":"center center","background-size":"auto","background-attachment":"scroll","background-type":"","background-media":"","overlay-type":"","overlay-color":"","overlay-opacity":"","overlay-gradient":""},"mobile":{"background-color":"","background-image":"","background-repeat":"repeat","background-position":"center center","background-size":"auto","background-attachment":"scroll","background-type":"","background-media":"","overlay-type":"","overlay-color":"","overlay-opacity":"","overlay-gradient":""}},"ast-content-background-meta":{"desktop":{"background-color":"var(--ast-global-color-5)","background-image":"","background-repeat":"repeat","background-position":"center center","background-size":"auto","background-attachment":"scroll","background-type":"","background-media":"","overlay-type":"","overlay-color":"","overlay-opacity":"","overlay-gradient":""},"tablet":{"background-color":"var(--ast-global-color-5)","background-image":"","background-repeat":"repeat","background-position":"center center","background-size":"auto","background-attachment":"scroll","background-type":"","background-media":"","overlay-type":"","overlay-color":"","overlay-opacity":"","overlay-gradient":""},"mobile":{"background-color":"var(--ast-global-color-5)","background-image":"","background-repeat":"repeat","background-position":"center center","background-size":"auto","background-attachment":"scroll","background-type":"","background-media":"","overlay-type":"","overlay-color":"","overlay-opacity":"","overlay-gradient":""}}},"_links":{"self":[{"href":"https:\/\/escobarabogados.com.ar\/en\/wp-json\/wp\/v2\/pages\/1175"}],"collection":[{"href":"https:\/\/escobarabogados.com.ar\/en\/wp-json\/wp\/v2\/pages"}],"about":[{"href":"https:\/\/escobarabogados.com.ar\/en\/wp-json\/wp\/v2\/types\/page"}],"author":[{"embeddable":true,"href":"https:\/\/escobarabogados.com.ar\/en\/wp-json\/wp\/v2\/users\/1"}],"replies":[{"embeddable":true,"href":"https:\/\/escobarabogados.com.ar\/en\/wp-json\/wp\/v2\/comments?post=1175"}],"version-history":[{"count":7,"href":"https:\/\/escobarabogados.com.ar\/en\/wp-json\/wp\/v2\/pages\/1175\/revisions"}],"predecessor-version":[{"id":1223,"href":"https:\/\/escobarabogados.com.ar\/en\/wp-json\/wp\/v2\/pages\/1175\/revisions\/1223"}],"wp:attachment":[{"href":"https:\/\/escobarabogados.com.ar\/en\/wp-json\/wp\/v2\/media?parent=1175"}],"curies":[{"name":"wp","href":"https:\/\/api.w.org\/{rel}","templated":true}]}}