{"id":1142,"date":"2021-10-23T15:27:06","date_gmt":"2021-10-23T15:27:06","guid":{"rendered":"https:\/\/escobarabogados.com.ar\/?page_id=1142"},"modified":"2021-10-26T21:34:32","modified_gmt":"2021-10-26T21:34:32","slug":"alejandro-marcelo-escobar","status":"publish","type":"page","link":"https:\/\/escobarabogados.com.ar\/en\/alejandro-marcelo-escobar\/","title":{"rendered":"ALEJANDRO MARCELO ESCOBAR"},"content":{"rendered":"<div data-elementor-type=\"wp-page\" data-elementor-id=\"1142\" class=\"elementor elementor-1142\">\n\t\t\t\t\t\t<section class=\"elementor-section elementor-top-section elementor-element elementor-element-ae9e762 elementor-section-full_width elementor-section-height-min-height elementor-section-height-default elementor-section-items-middle\" data-id=\"ae9e762\" data-element_type=\"section\" data-settings=\"{&quot;background_background&quot;:&quot;classic&quot;}\">\n\t\t\t\t\t\t\t<div class=\"elementor-background-overlay\"><\/div>\n\t\t\t\t\t\t\t<div class=\"elementor-container elementor-column-gap-default\">\n\t\t\t\t\t<div class=\"elementor-column elementor-col-100 elementor-top-column elementor-element elementor-element-1c1a3bd\" data-id=\"1c1a3bd\" data-element_type=\"column\">\n\t\t\t<div class=\"elementor-widget-wrap elementor-element-populated\">\n\t\t\t\t\t\t<div class=\"elementor-element elementor-element-6cd3dd1 elementor-widget elementor-widget-heading\" data-id=\"6cd3dd1\" data-element_type=\"widget\" data-widget_type=\"heading.default\">\n\t\t\t\t<div class=\"elementor-widget-container\">\n\t\t\t<style>\/*! elementor - v3.22.0 - 26-06-2024 *\/\n.elementor-heading-title{padding:0;margin:0;line-height:1}.elementor-widget-heading .elementor-heading-title[class*=elementor-size-]>a{color:inherit;font-size:inherit;line-height:inherit}.elementor-widget-heading .elementor-heading-title.elementor-size-small{font-size:15px}.elementor-widget-heading .elementor-heading-title.elementor-size-medium{font-size:19px}.elementor-widget-heading .elementor-heading-title.elementor-size-large{font-size:29px}.elementor-widget-heading .elementor-heading-title.elementor-size-xl{font-size:39px}.elementor-widget-heading .elementor-heading-title.elementor-size-xxl{font-size:59px}<\/style><h1 class=\"elementor-heading-title elementor-size-default\">ALEJANDRO MARCELO ESCOBAR<\/h1>\t\t<\/div>\n\t\t\t\t<\/div>\n\t\t\t\t\t<\/div>\n\t\t<\/div>\n\t\t\t\t\t<\/div>\n\t\t<\/section>\n\t\t\t\t<section class=\"elementor-section elementor-top-section elementor-element elementor-element-a4d7464 elementor-section-boxed elementor-section-height-default elementor-section-height-default\" data-id=\"a4d7464\" data-element_type=\"section\" data-settings=\"{&quot;background_background&quot;:&quot;classic&quot;}\">\n\t\t\t\t\t\t<div class=\"elementor-container elementor-column-gap-default\">\n\t\t\t\t\t<div class=\"elementor-column elementor-col-50 elementor-top-column elementor-element elementor-element-896e8ff\" data-id=\"896e8ff\" data-element_type=\"column\">\n\t\t\t<div class=\"elementor-widget-wrap elementor-element-populated\">\n\t\t\t\t\t\t<div class=\"elementor-element elementor-element-3998664 elementor-widget elementor-widget-image\" data-id=\"3998664\" data-element_type=\"widget\" data-widget_type=\"image.default\">\n\t\t\t\t<div class=\"elementor-widget-container\">\n\t\t\t<style>\/*! elementor - v3.22.0 - 26-06-2024 *\/\n.elementor-widget-image{text-align:center}.elementor-widget-image a{display:inline-block}.elementor-widget-image a img[src$=\".svg\"]{width:48px}.elementor-widget-image img{vertical-align:middle;display:inline-block}<\/style>\t\t\t\t\t\t\t\t\t\t<img width=\"150\" height=\"150\" src=\"https:\/\/escobarabogados.com.ar\/wp-content\/uploads\/2021\/10\/escobar_alejandro-150x150.png\" class=\"attachment-thumbnail size-thumbnail wp-image-1048\" alt=\"\" srcset=\"https:\/\/escobarabogados.com.ar\/wp-content\/uploads\/2021\/10\/escobar_alejandro-150x150.png 150w, https:\/\/escobarabogados.com.ar\/wp-content\/uploads\/2021\/10\/escobar_alejandro.png 300w\" sizes=\"(max-width: 150px) 100vw, 150px\" \/>\t\t\t\t\t\t\t\t\t\t\t\t\t<\/div>\n\t\t\t\t<\/div>\n\t\t\t\t<div class=\"elementor-element elementor-element-f4645fc elementor-widget elementor-widget-heading\" data-id=\"f4645fc\" data-element_type=\"widget\" data-widget_type=\"heading.default\">\n\t\t\t\t<div class=\"elementor-widget-container\">\n\t\t\t<h5 class=\"elementor-heading-title elementor-size-default\">ALEJANDRO MARCELO ESCOBAR<\/h5>\t\t<\/div>\n\t\t\t\t<\/div>\n\t\t\t\t<div class=\"elementor-element elementor-element-03b0ca3 elementor-widget elementor-widget-text-editor\" data-id=\"03b0ca3\" data-element_type=\"widget\" data-widget_type=\"text-editor.default\">\n\t\t\t\t<div class=\"elementor-widget-container\">\n\t\t\t<style>\/*! elementor - v3.22.0 - 26-06-2024 *\/\n.elementor-widget-text-editor.elementor-drop-cap-view-stacked .elementor-drop-cap{background-color:#69727d;color:#fff}.elementor-widget-text-editor.elementor-drop-cap-view-framed .elementor-drop-cap{color:#69727d;border:3px solid;background-color:transparent}.elementor-widget-text-editor:not(.elementor-drop-cap-view-default) .elementor-drop-cap{margin-top:8px}.elementor-widget-text-editor:not(.elementor-drop-cap-view-default) .elementor-drop-cap-letter{width:1em;height:1em}.elementor-widget-text-editor .elementor-drop-cap{float:left;text-align:center;line-height:1;font-size:50px}.elementor-widget-text-editor .elementor-drop-cap-letter{display:inline-block}<\/style>\t\t\t\t<p>DNI: 20.440.215<\/p><p>E-MAIL: alejandroescobar@ escobarabogados.com.ar\/ estudescobar@arnet.com.ar\u00a0<\/p><p>Domicilio constituido en San Isidro: Rivadavia 195, 8\u00b0 \u00abA\u00bb<\/p><p>Domicilio constituido en Capital Federal: Tucum\u00e1n 843, 5\u00b0 \u00abi\u00bb, cas. 22<\/p><p>Domicilio constituido en Rio Gallegos; Tucum\u00e1n 61, piso 1\u00b0 \u00abA\u00bb, 2do cuerpo<\/p>\t\t\t\t\t\t<\/div>\n\t\t\t\t<\/div>\n\t\t\t\t\t<\/div>\n\t\t<\/div>\n\t\t\t\t<div class=\"elementor-column elementor-col-50 elementor-top-column elementor-element elementor-element-40a996d\" data-id=\"40a996d\" data-element_type=\"column\">\n\t\t\t<div class=\"elementor-widget-wrap elementor-element-populated\">\n\t\t\t\t\t\t<div class=\"elementor-element elementor-element-fbca521 elementor-widget elementor-widget-text-editor\" data-id=\"fbca521\" data-element_type=\"widget\" data-widget_type=\"text-editor.default\">\n\t\t\t\t<div class=\"elementor-widget-container\">\n\t\t\t\t\t\t\t<p>T\u00edtulo de Grado: Abogado A\u00f1o 1996<\/p><p>T\u00edtulo de Postgrado: Procedimiento Sucesorio &#8211; 1997<\/p><p>Titulo de Postgrado: Procedimiento Penal Bonaerense &#8211; 1998<\/p><p>Capacitaci\u00f3n de Postgrado \u00abResponsabilidad de Bancos y Entidades Finacieras\u00bb Master Group Argentina &#8211; Mar 2000<\/p><p>Capacitaci\u00f3n Postgrado en Derecho Laboral \u00abDespido-Indemnizaciones\u00bb Master Group Company &#8211; Mar 2002<\/p><p>Miembro Pleno del Instituto de Ciencias Penales (Sub-Director) del CASI, III Congreso de Seguridad y Prevenci\u00f3n del Delito &#8211; Nov 2000<\/p><h6><strong>ACTIVIDAD ACTUAL<\/strong><\/h6><p>Titular del Estudio Jur\u00eddico \u201cEscobar &amp; Asoc.\u201d (Desde a\u00f1o 1997)<\/p><p>Asesor de la C\u00e1mara de Comercio e Industria del Partido de San Isidro desde el a\u00f1o 1999<\/p><p>Director del Depto. Jur\u00eddico de la C\u00e1mara Argentino-Rusa desde el a\u00f1o 2000<\/p><p>Ex-Asesor externo de la Municipalidad de San Fernando desde el a\u00f1o 2012\/2015<\/p><h6><strong>ANTECEDENTES PROFESIONALES<\/strong><\/h6><p>1995-1997 &#8211; Ayudante ad-honorem del Patrocinio Jur\u00eddico Gratuito sito en el Palacio de Justicia de la Naci\u00f3n<\/p><p>Consejero Titular del Colegio de Abogados de San Isidro (2004-2008)<\/p><p>Presidente de la Comisi\u00f3n de Seguridad del Colegio de Abogados de San Isidro (2004-2008).-<\/p><p>Conjuez del Depto. Judicial de San Isidro (2004-2008).-<\/p><p>Defensor Ad-Hoc Federal del Depto. Judicial de San Isidro (2004-2008).-<\/p><p>Miembro de Comisi\u00f3n de Notables de la FACA respecto de la Reforma de C\u00f3digo Penal (2005-2007)<\/p><h6><strong>OTROS ANTECEDENTES<\/strong><\/h6><p>Matriculado en el Colegio P\u00fablico de Abogados de Capital Federal en el Tomo 66 Folio 43, Prov. de Bs. As.<\/p><p>Matriculado en el Colegio de Abogados de San Isidro en el Tomo 28 Folio 462, Prov. de Bs. As.<\/p><p>Matriculado en la Asociaci\u00f3n de Abogados de R\u00edo Gallegos en el tomo X Folio 133, Prov. de Santa Cruz<\/p><p>Matriculado en la C\u00e1mara Federal de San Mart\u00edn, en el Tomo 134, Folio 103, Prov. de Bs. As.<\/p><h6><strong>ANTECEDENTES DE INVESTIGACI\u00d3N Y PUBLICACIONES<\/strong><\/h6><p><strong>\u00daltimos Trabajos:<\/strong><\/p><p>\u201cLa reforma del art. 67 del C.P.\u201d Publicaci\u00f3n realizada en conjunto con el eximio Abogado penalista Dr. Alberto Cafetz\u00f3glus. Publicaci\u00f3n que obra en todas las revistas de derecho penal.- Sendas publicaciones en la revista del Colegio de Abogados de San Isidro, en el per\u00edodo 2004-2008.- Miembro de Comisi\u00f3n de Notables de la FACA respecto de la Reforma de C\u00f3digo Penal (2005-2007)<\/p>\t\t\t\t\t\t<\/div>\n\t\t\t\t<\/div>\n\t\t\t\t<div class=\"elementor-element elementor-element-57b7351 elementor-align-right elementor-widget elementor-widget-button\" data-id=\"57b7351\" data-element_type=\"widget\" data-widget_type=\"button.default\">\n\t\t\t\t<div class=\"elementor-widget-container\">\n\t\t\t\t\t<div class=\"elementor-button-wrapper\">\n\t\t\t<a class=\"elementor-button elementor-button-link elementor-size-sm\" href=\"https:\/\/escobarabogados.com.ar\/en\/nosotros\/\">\n\t\t\t\t\t\t<span class=\"elementor-button-content-wrapper\">\n\t\t\t\t\t\t\t\t\t<span class=\"elementor-button-text\">ver mas<\/span>\n\t\t\t\t\t<\/span>\n\t\t\t\t\t<\/a>\n\t\t<\/div>\n\t\t\t\t<\/div>\n\t\t\t\t<\/div>\n\t\t\t\t\t<\/div>\n\t\t<\/div>\n\t\t\t\t\t<\/div>\n\t\t<\/section>\n\t\t\t\t<\/div>","protected":false},"excerpt":{"rendered":"<p>ALEJANDRO MARCELO ESCOBAR ALEJANDRO MARCELO ESCOBAR DNI: 20.440.215 E-MAIL: alejandroescobar@ escobarabogados.com.ar\/ estudescobar@arnet.com.ar\u00a0 Domicilio constituido en San Isidro: Rivadavia 195, 8\u00b0 \u00abA\u00bb Domicilio constituido en Capital Federal: Tucum\u00e1n 843, 5\u00b0 \u00abi\u00bb, cas. 22 Domicilio constituido en Rio Gallegos; Tucum\u00e1n 61, piso 1\u00b0 \u00abA\u00bb, 2do cuerpo T\u00edtulo de Grado: Abogado A\u00f1o 1996 T\u00edtulo de Postgrado: Procedimiento Sucesorio [&hellip;]<\/p>","protected":false},"author":1,"featured_media":0,"parent":0,"menu_order":0,"comment_status":"closed","ping_status":"closed","template":"","meta":{"site-sidebar-layout":"no-sidebar","site-content-layout":"page-builder","ast-site-content-layout":"default","site-content-style":"default","site-sidebar-style":"default","ast-global-header-display":"","ast-banner-title-visibility":"","ast-main-header-display":"","ast-hfb-above-header-display":"","ast-hfb-below-header-display":"","ast-hfb-mobile-header-display":"","site-post-title":"disabled","ast-breadcrumbs-content":"","ast-featured-img":"disabled","footer-sml-layout":"","theme-transparent-header-meta":"default","adv-header-id-meta":"","stick-header-meta":"","header-above-stick-meta":"","header-main-stick-meta":"","header-below-stick-meta":"","astra-migrate-meta-layouts":"default","ast-page-background-enabled":"default","ast-page-background-meta":{"desktop":{"background-color":"","background-image":"","background-repeat":"repeat","background-position":"center center","background-size":"auto","background-attachment":"scroll","background-type":"","background-media":"","overlay-type":"","overlay-color":"","overlay-opacity":"","overlay-gradient":""},"tablet":{"background-color":"","background-image":"","background-repeat":"repeat","background-position":"center center","background-size":"auto","background-attachment":"scroll","background-type":"","background-media":"","overlay-type":"","overlay-color":"","overlay-opacity":"","overlay-gradient":""},"mobile":{"background-color":"","background-image":"","background-repeat":"repeat","background-position":"center center","background-size":"auto","background-attachment":"scroll","background-type":"","background-media":"","overlay-type":"","overlay-color":"","overlay-opacity":"","overlay-gradient":""}},"ast-content-background-meta":{"desktop":{"background-color":"var(--ast-global-color-5)","background-image":"","background-repeat":"repeat","background-position":"center center","background-size":"auto","background-attachment":"scroll","background-type":"","background-media":"","overlay-type":"","overlay-color":"","overlay-opacity":"","overlay-gradient":""},"tablet":{"background-color":"var(--ast-global-color-5)","background-image":"","background-repeat":"repeat","background-position":"center center","background-size":"auto","background-attachment":"scroll","background-type":"","background-media":"","overlay-type":"","overlay-color":"","overlay-opacity":"","overlay-gradient":""},"mobile":{"background-color":"var(--ast-global-color-5)","background-image":"","background-repeat":"repeat","background-position":"center center","background-size":"auto","background-attachment":"scroll","background-type":"","background-media":"","overlay-type":"","overlay-color":"","overlay-opacity":"","overlay-gradient":""}}},"_links":{"self":[{"href":"https:\/\/escobarabogados.com.ar\/en\/wp-json\/wp\/v2\/pages\/1142"}],"collection":[{"href":"https:\/\/escobarabogados.com.ar\/en\/wp-json\/wp\/v2\/pages"}],"about":[{"href":"https:\/\/escobarabogados.com.ar\/en\/wp-json\/wp\/v2\/types\/page"}],"author":[{"embeddable":true,"href":"https:\/\/escobarabogados.com.ar\/en\/wp-json\/wp\/v2\/users\/1"}],"replies":[{"embeddable":true,"href":"https:\/\/escobarabogados.com.ar\/en\/wp-json\/wp\/v2\/comments?post=1142"}],"version-history":[{"count":13,"href":"https:\/\/escobarabogados.com.ar\/en\/wp-json\/wp\/v2\/pages\/1142\/revisions"}],"predecessor-version":[{"id":1220,"href":"https:\/\/escobarabogados.com.ar\/en\/wp-json\/wp\/v2\/pages\/1142\/revisions\/1220"}],"wp:attachment":[{"href":"https:\/\/escobarabogados.com.ar\/en\/wp-json\/wp\/v2\/media?parent=1142"}],"curies":[{"name":"wp","href":"https:\/\/api.w.org\/{rel}","templated":true}]}}